{"id":6,"date":"2025-04-20T19:04:20","date_gmt":"2025-04-20T19:04:20","guid":{"rendered":"https:\/\/need.dk\/?page_id=6"},"modified":"2025-04-20T19:08:44","modified_gmt":"2025-04-20T19:08:44","slug":"forside","status":"publish","type":"page","link":"https:\/\/need.dk\/index.php\/forside\/","title":{"rendered":"Forside"},"content":{"rendered":"\n\n\n<div class=\"wp-block-group alignfull has-global-padding is-layout-constrained wp-block-group-is-layout-constrained\" style=\"margin-top:0;margin-bottom:0;padding-top:var(--wp--preset--spacing--50);padding-bottom:var(--wp--preset--spacing--50)\">\n<div class=\"wp-block-columns alignwide is-layout-flex wp-container-core-columns-is-layout-fa584acd wp-block-columns-is-layout-flex\">\n<div class=\"wp-block-column is-vertically-aligned-center is-layout-flow wp-block-column-is-layout-flow\">\n<h2 class=\"wp-block-heading has-xx-large-font-size\">Need \u2013 Fordi du bare har brug for det \u2615\u26a1\ud83d\udcaa<\/h2>\n\n\n\n<p class=\"has-medium-font-size\">I need coffee. <\/p>\n\n\n\n<p class=\"has-medium-font-size\">I need energy. <\/p>\n\n\n\n<p class=\"has-medium-font-size\">I need protein.<\/p>\n\n\n\n<p class=\"has-medium-font-size\"> Du beh\u00f8ver ikke forklare dig \u2013 Need forst\u00e5r dig. <\/p>\n\n\n\n<p class=\"has-medium-font-size\">Vi laver kaffe, energidrikke og proteinpulver til mennesker, der har brug for at v\u00e6re v\u00e5gne, st\u00e6rke og lidt mere menneskelige i hverdagen. <\/p>\n\n\n\n<p class=\"has-medium-font-size\">\u2615 Kaffe, der redder morgenen (og dig selv) <\/p>\n\n\n\n<p class=\"has-medium-font-size\">\u26a1 Energidrik, n\u00e5r dagen er l\u00e6ngere end batteriet <\/p>\n\n\n\n<p class=\"has-medium-font-size\">\ud83d\udcaa Protein, fordi du ikke tr\u00e6ner for sjov Ingen fancy forklaringer. <\/p>\n\n\n\n<p class=\"has-medium-font-size\">Bare det, du har brug for \u2013 n\u00e5r du har brug for det. <\/p>\n\n\n\n<p class=\"has-medium-font-size\">Need. Don\u2019t overthink it \u2013 just grab it. \ud83d\ude0e<\/p>\n<\/div>\n\n\n\n<div class=\"wp-block-column is-vertically-aligned-center is-layout-flow wp-block-column-is-layout-flow\">\n<figure class=\"wp-block-image size-full\"><img decoding=\"async\" src=\"https:\/\/bottle.dk\/wp-content\/uploads\/2025\/03\/Bottle.png\" alt=\"\" class=\"wp-image-18\" style=\"aspect-ratio:1;object-fit:cover\"\/><\/figure>\n<\/div>\n<\/div>\n<\/div>\n\n\n\n<div class=\"wp-block-group alignfull has-global-padding is-layout-constrained wp-block-group-is-layout-constrained\" style=\"margin-top:0;margin-bottom:0\">\n<div class=\"wp-block-group alignwide is-layout-flow wp-container-core-group-is-layout-d58a0413 wp-block-group-is-layout-flow\" style=\"padding-top:var(--wp--preset--spacing--50);padding-bottom:var(--wp--preset--spacing--50)\">\n<h2 class=\"wp-block-heading has-x-large-font-size\">Sp\u00f8rgsm\u00e5l?<\/h2>\n\n\n\n<div class=\"wp-block-columns is-layout-flex wp-container-core-columns-is-layout-cbe57604 wp-block-columns-is-layout-flex\">\n<div class=\"wp-block-column is-layout-flow wp-block-column-is-layout-flow\">\n<div class=\"wp-block-group is-layout-flow wp-block-group-is-layout-flow\" style=\"border-top-color:var(--wp--preset--color--accent-6);border-top-width:1px;padding-top:var(--wp--preset--spacing--30);padding-bottom:var(--wp--preset--spacing--30)\">\n<p>S\u00e5 udfyld kontaktformularen her: <\/p>\n\n\n\n<p><\/p>\n<\/div>\n<\/div>\n\n\n\n<div class=\"wp-block-column is-layout-flow wp-block-column-is-layout-flow\">\n<div class=\"wp-block-group is-layout-flow wp-block-group-is-layout-flow\" style=\"border-top-color:var(--wp--preset--color--accent-6);border-top-width:1px;padding-top:var(--wp--preset--spacing--30);padding-bottom:var(--wp--preset--spacing--30)\"><p>[contact-form-7 id=&#8221;35f4dff&#8221; title=&#8221;Kontaktformular 1&#8243;]<\/p>\n<\/div>\n<\/div>\n<\/div>\n<\/div>\n\n\n\n<p class=\"has-text-align-center\">\u00a9 Need.dk 2025<\/p>\n<\/div>\n","protected":false},"excerpt":{"rendered":"<p>Need \u2013 Fordi du bare har brug for det \u2615\u26a1\ud83d\udcaa I need coffee. I need energy. I need protein. Du beh\u00f8ver ikke forklare dig \u2013 Need forst\u00e5r dig. Vi laver kaffe, energidrikke og proteinpulver til mennesker, der har brug for at v\u00e6re v\u00e5gne, st\u00e6rke og lidt mere menneskelige i hverdagen. \u2615 Kaffe, der redder morgenen [&hellip;]<\/p>\n","protected":false},"author":1,"featured_media":0,"parent":0,"menu_order":0,"comment_status":"closed","ping_status":"closed","template":"","meta":{"footnotes":""},"class_list":["post-6","page","type-page","status-publish","hentry"],"_links":{"self":[{"href":"https:\/\/need.dk\/index.php\/wp-json\/wp\/v2\/pages\/6","targetHints":{"allow":["GET"]}}],"collection":[{"href":"https:\/\/need.dk\/index.php\/wp-json\/wp\/v2\/pages"}],"about":[{"href":"https:\/\/need.dk\/index.php\/wp-json\/wp\/v2\/types\/page"}],"author":[{"embeddable":true,"href":"https:\/\/need.dk\/index.php\/wp-json\/wp\/v2\/users\/1"}],"replies":[{"embeddable":true,"href":"https:\/\/need.dk\/index.php\/wp-json\/wp\/v2\/comments?post=6"}],"version-history":[{"count":4,"href":"https:\/\/need.dk\/index.php\/wp-json\/wp\/v2\/pages\/6\/revisions"}],"predecessor-version":[{"id":12,"href":"https:\/\/need.dk\/index.php\/wp-json\/wp\/v2\/pages\/6\/revisions\/12"}],"wp:attachment":[{"href":"https:\/\/need.dk\/index.php\/wp-json\/wp\/v2\/media?parent=6"}],"curies":[{"name":"wp","href":"https:\/\/api.w.org\/{rel}","templated":true}]}}